{"id":362,"date":"2020-02-10T18:49:48","date_gmt":"2020-02-10T18:49:48","guid":{"rendered":"http:\/\/kania-meble.pl\/index.php\/cookie-policy-eu\/"},"modified":"2020-02-17T10:27:04","modified_gmt":"2020-02-17T10:27:04","slug":"cookie-policy-eu","status":"publish","type":"page","link":"https:\/\/kania-meble.pl\/index.php\/cookie-policy-eu\/","title":{"rendered":"Polityka dotycz\u0105ca Cookies i podobnych technologii"},"content":{"rendered":"\n<p>Strona internetowa kania-meble.pl u\u017cywa plik\u00f3w cookies i podobnych technologii po to, by dostosowa\u0107 stron\u0119 do potrzeb u\u017cytkownik\u00f3w oraz w celach statystycznych. Cookies to niewielkie pliki tekstowe zapisywane przez serwis internetowy w urz\u0105dzeniu internauty. W przegl\u0105darce internetowej mo\u017cna zmieni\u0107 ustawienia dotycz\u0105ce cookies. Brak zmiany tych ustawie\u0144 oznacza akceptacj\u0119 dla stosowanych tu cookies.<\/p>\n\n\n\n<p>Strona internetowa kania-meble.pl stosuje cookies wydajno\u015bciowe, czyli s\u0142u\u017c\u0105ce do zbierania informacji o sposobie korzystania ze strony oraz funkcjonalne, czyli pozwalaj\u0105ce zapami\u0119tywa\u0107 w nich informacje o ustawieniach u\u017cytkownika.<\/p>\n\n\n\n<p>Mo\u017cliwo\u015b\u0107 zapisu plik\u00f3w cookies mo\u017cna ustawi\u0107 w ka\u017cdej przegl\u0105darce internetowej \u2013 a\u017c do ca\u0142kowitego blokowania mo\u017cliwo\u015bci zapisu plik\u00f3w cookies. Zwi\u0119ksza to poziom bezpiecze\u0144stwa ale mo\u017ce tak\u017ce uniemo\u017cliwia\u0107 korzystanie z niekt\u00f3rych funkcji odwiedzanych serwis\u00f3w internetowych.<\/p>\n\n\n\n<p><strong>Google Chrome<\/strong> Trzeba klikn\u0105\u0107 na menu (w prawym g\u00f3rnym rogu), zak\u0142adka Ustawienia > Poka\u017c ustawienia zaawansowane. W sekcji \u201cPrywatno\u015b\u0107\u201d trzeba klikn\u0105\u0107 przycisk Ustawienia tre\u015bci.<\/p>\n\n\n\n<p><strong>Internet Explorer 6.0 i 7.0 <\/strong>Z menu przegl\u0105darki (prawy g\u00f3rny r\u00f3g): Narz\u0119dzia > Opcje Internetowe > Prywatno\u015b\u0107, przycisk Witryny. Suwakiem ustawiamy poziom, zmian\u0119 zatwierdzamy przyciskiem OK.<\/p>\n\n\n\n<p><strong>Mozilla Firefox <\/strong>Z menu przegl\u0105darki: Narz\u0119dzia > Opcje > Prywatno\u015b\u0107. Uaktywni\u0107 pole Program Firefox: \u201cb\u0119dzie u\u017cywa\u0142 ustawie\u0144 u\u017cytkownika\u201d. O ciasteczkach (cookies) decyduje zaklikanie \u2013 b\u0105d\u017a nie \u2013 pozycji Akceptuj ciasteczka.<\/p>\n\n\n\n<p><strong>Opera <\/strong>Z menu przegl\u0105darki: Narz\u0119dzie > Preferencje > Zaawansowane.  O ciasteczkach decyduje zaznaczenie \u2013 b\u0105d\u017a nie \u2013 pozycji Ciasteczka <\/p>\n\n\n\n<p><strong>Safari <\/strong>W menu rozwijanym Safari trzeba wybra\u0107 Preferencje i klikn\u0105\u0107 ikon\u0119 Bezpiecze\u0144stwo. Tu wybiera si\u0119 poziom bezpiecze\u0144stwa w obszarze \u201cAkceptuj pliki cookie\u201d.<\/p>\n","protected":false},"excerpt":{"rendered":"<p>Strona internetowa kania-meble.pl u\u017cywa plik\u00f3w cookies i podobnych technologii po to, by dostosowa\u0107 stron\u0119 do potrzeb u\u017cytkownik\u00f3w oraz w celach statystycznych. Cookies to niewielkie pliki tekstowe zapisywane przez serwis internetowy w urz\u0105dzeniu internauty. W przegl\u0105darce internetowej mo\u017cna zmieni\u0107 ustawienia dotycz\u0105ce cookies. Brak zmiany tych ustawie\u0144 oznacza akceptacj\u0119 dla stosowanych tu cookies. Strona internetowa kania-meble.pl stosuje cookies wydajno\u015bciowe, czyli s\u0142u\u017c\u0105ce do zbierania informacji o sposobie korzystania ze strony oraz funkcjonalne, czyli pozwalaj\u0105ce zapami\u0119tywa\u0107 w nich informacje o ustawieniach u\u017cytkownika. Mo\u017cliwo\u015b\u0107 zapisu plik\u00f3w cookies mo\u017cna ustawi\u0107 w ka\u017cdej przegl\u0105darce internetowej \u2013 a\u017c do ca\u0142kowitego blokowania mo\u017cliwo\u015bci zapisu plik\u00f3w cookies. Zwi\u0119ksza to poziom bezpiecze\u0144stwa ale mo\u017ce tak\u017ce uniemo\u017cliwia\u0107 korzystanie z niekt\u00f3rych funkcji odwiedzanych serwis\u00f3w internetowych. Google Chrome Trzeba klikn\u0105\u0107 na menu (w prawym g\u00f3rnym rogu), zak\u0142adka Ustawienia > Poka\u017c ustawienia zaawansowane. W sekcji \u201cPrywatno\u015b\u0107\u201d trzeba klikn\u0105\u0107 przycisk Ustawienia tre\u015bci. Internet Explorer 6.0 i 7.0 Z menu przegl\u0105darki (prawy g\u00f3rny r\u00f3g): Narz\u0119dzia > Opcje Internetowe > Prywatno\u015b\u0107, przycisk Witryny. Suwakiem ustawiamy poziom, zmian\u0119 zatwierdzamy przyciskiem OK. Mozilla Firefox Z menu przegl\u0105darki: Narz\u0119dzia > Opcje > Prywatno\u015b\u0107. Uaktywni\u0107 pole Program Firefox: \u201cb\u0119dzie u\u017cywa\u0142 ustawie\u0144 u\u017cytkownika\u201d. O ciasteczkach (cookies) decyduje zaklikanie \u2013 b\u0105d\u017a nie \u2013 pozycji Akceptuj ciasteczka. Opera Z menu przegl\u0105darki: Narz\u0119dzie > Preferencje > Zaawansowane. O ciasteczkach decyduje zaznaczenie \u2013 b\u0105d\u017a nie \u2013 pozycji Ciasteczka Safari W menu rozwijanym Safari trzeba wybra\u0107 Preferencje i klikn\u0105\u0107 ikon\u0119 Bezpiecze\u0144stwo. Tu wybiera si\u0119 poziom bezpiecze\u0144stwa w obszarze \u201cAkceptuj pliki cookie\u201d.<\/p>\n","protected":false},"author":1,"featured_media":0,"parent":0,"menu_order":0,"comment_status":"closed","ping_status":"closed","template":"","meta":{"footnotes":""},"class_list":["post-362","page","type-page","status-publish","hentry"],"_links":{"self":[{"href":"https:\/\/kania-meble.pl\/index.php\/wp-json\/wp\/v2\/pages\/362","targetHints":{"allow":["GET"]}}],"collection":[{"href":"https:\/\/kania-meble.pl\/index.php\/wp-json\/wp\/v2\/pages"}],"about":[{"href":"https:\/\/kania-meble.pl\/index.php\/wp-json\/wp\/v2\/types\/page"}],"author":[{"embeddable":true,"href":"https:\/\/kania-meble.pl\/index.php\/wp-json\/wp\/v2\/users\/1"}],"replies":[{"embeddable":true,"href":"https:\/\/kania-meble.pl\/index.php\/wp-json\/wp\/v2\/comments?post=362"}],"version-history":[{"count":7,"href":"https:\/\/kania-meble.pl\/index.php\/wp-json\/wp\/v2\/pages\/362\/revisions"}],"predecessor-version":[{"id":412,"href":"https:\/\/kania-meble.pl\/index.php\/wp-json\/wp\/v2\/pages\/362\/revisions\/412"}],"wp:attachment":[{"href":"https:\/\/kania-meble.pl\/index.php\/wp-json\/wp\/v2\/media?parent=362"}],"curies":[{"name":"wp","href":"https:\/\/api.w.org\/{rel}","templated":true}]}}